{"id":6,"date":"2021-04-14T07:56:02","date_gmt":"2021-04-14T05:56:02","guid":{"rendered":"https:\/\/hagaplassen.no\/?page_id=6"},"modified":"2022-03-02T19:52:31","modified_gmt":"2022-03-02T18:52:31","slug":"forside","status":"publish","type":"page","link":"https:\/\/hagaplassen.no\/","title":{"rendered":"Forside"},"content":{"rendered":"\n<p>Hagaplassen holder til p\u00e5 Inder\u00f8y i Tr\u00f8ndelag og leverer markedsf\u00f8ringstjenester og digitale kommunikasjonsl\u00f8sninger.<\/p>\n<p>Ta kontakt for mer informasjon.<\/p>\n","protected":false},"excerpt":{"rendered":"<p>Hagaplassen holder til p\u00e5 Inder\u00f8y i Tr\u00f8ndelag og leverer markedsf\u00f8ringstjenester og digitale kommunikasjonsl\u00f8sninger. Ta kontakt for mer informasjon.<\/p>\n","protected":false},"author":1,"featured_media":0,"parent":0,"menu_order":0,"comment_status":"closed","ping_status":"closed","template":"","meta":[],"_links":{"self":[{"href":"https:\/\/hagaplassen.no\/index.php\/wp-json\/wp\/v2\/pages\/6"}],"collection":[{"href":"https:\/\/hagaplassen.no\/index.php\/wp-json\/wp\/v2\/pages"}],"about":[{"href":"https:\/\/hagaplassen.no\/index.php\/wp-json\/wp\/v2\/types\/page"}],"author":[{"embeddable":true,"href":"https:\/\/hagaplassen.no\/index.php\/wp-json\/wp\/v2\/users\/1"}],"replies":[{"embeddable":true,"href":"https:\/\/hagaplassen.no\/index.php\/wp-json\/wp\/v2\/comments?post=6"}],"version-history":[{"count":7,"href":"https:\/\/hagaplassen.no\/index.php\/wp-json\/wp\/v2\/pages\/6\/revisions"}],"predecessor-version":[{"id":38,"href":"https:\/\/hagaplassen.no\/index.php\/wp-json\/wp\/v2\/pages\/6\/revisions\/38"}],"wp:attachment":[{"href":"https:\/\/hagaplassen.no\/index.php\/wp-json\/wp\/v2\/media?parent=6"}],"curies":[{"name":"wp","href":"https:\/\/api.w.org\/{rel}","templated":true}]}}